{"id":77,"date":"2018-06-03T19:17:23","date_gmt":"2018-06-03T19:17:23","guid":{"rendered":"https:\/\/www.organconcert.hu\/?page_id=77"},"modified":"2026-03-21T14:45:09","modified_gmt":"2026-03-21T12:45:09","slug":"jegyek","status":"publish","type":"page","link":"https:\/\/www.organconcert.hu\/hu\/jegyek\/","title":{"rendered":"Jegyek"},"content":{"rendered":"<div class=\"wpb-content-wrapper\"><p>[vc_row][vc_column][vc_custom_heading text=&#8221;JEGYEK&#8221; font_container=&#8221;tag:h2|font_size:60|text_align:center|color:%239e070d&#8221; use_theme_fonts=&#8221;yes&#8221;][\/vc_column][\/vc_row][vc_row full_width=&#8221;stretch_row_content_no_spaces&#8221; css=&#8221;.vc_custom_1528053829469{background-color: #9e070d !important;}&#8221;][vc_column][vc_btn title=&#8221;JEGYV\u00c1S\u00c1RL\u00c1S ONLINE&#8221; style=&#8221;outline-custom&#8221; outline_custom_color=&#8221;#ffffff&#8221; outline_custom_hover_background=&#8221;&#8221; outline_custom_hover_text=&#8221;&#8221; shape=&#8221;square&#8221; size=&#8221;lg&#8221; align=&#8221;center&#8221; link=&#8221;url:http%3A%2F%2Forganconcert.jegy.hu%2Fticketsearch%3Flang%3Dhu||target:%20_blank|&#8221;][vc_empty_space height=&#8221;20&#8243;][\/vc_column][\/vc_row][vc_row][vc_column el_class=&#8221;content-div&#8221;][vc_column_text css=&#8221;&#8221;]<img loading=\"lazy\" decoding=\"async\" class=\"alignnone size-medium wp-image-1025 aligncenter\" src=\"https:\/\/www.organconcert.hu\/wp-content\/uploads\/2022\/11\/ulesrend-211x300.jpg\" alt=\"\" width=\"211\" height=\"300\" srcset=\"https:\/\/www.organconcert.hu\/wp-content\/uploads\/2022\/11\/ulesrend-211x300.jpg 211w, https:\/\/www.organconcert.hu\/wp-content\/uploads\/2022\/11\/ulesrend-768x1092.jpg 768w, https:\/\/www.organconcert.hu\/wp-content\/uploads\/2022\/11\/ulesrend-720x1024.jpg 720w\" sizes=\"auto, (max-width: 211px) 100vw, 211px\" \/><\/p>\n<hr \/>\n<p><span style=\"color: #9e070d;\"><b>P\u00c9NTEKI ORGONAKONCERTEK <\/b><\/span>a Szent Istv\u00e1n Bazilik\u00e1ban:<\/p>\n<p>A hangversenyek bel\u00e9p\u0151d\u00edja:<br \/>\nI. kat.: 10.000,- HUF<br \/>\nII. kat.: 9.000,- HUF<br \/>\nIII. kat.: 7.500,- HUF<br \/>\n(di\u00e1koknak, nyugd\u00edjasoknak: 9.500-\/8.500,-\/7.000,- HUF;<\/p>\n<p>Jegyek v\u00e1lthat\u00f3k: cs\u00fct\u00f6rt\u00f6k\u00f6n \u00e9s p\u00e9nteken a Bazilika f\u0151bej\u00e1rat\u00e1n\u00e1l 10 \u00f3r\u00e1t\u00f3l<br \/>\nA koncert id\u0151tartama: 60 perc<\/p>\n<p>&nbsp;<\/p>\n<hr \/>\n<p><span style=\"color: #9e070d;\"><b>G\u00c1LA KONCERTEK &#8211; \u00daJ\u00c9VI G\u00c1LAKONCERT, MOZART: REQUIEM<\/b><\/span>\u00a0a Szent Istv\u00e1n Bazilik\u00e1ban:<\/p>\n<p>A hangversenyek bel\u00e9p\u0151d\u00edja:<br \/>\nI. kat.: 13.000,- HUF<br \/>\nII. kat.: 12.000,- HUF<br \/>\nIII. kat.: 9.000,- HUF<br \/>\n(di\u00e1koknak, nyugd\u00edjasoknak: 12.000-\/11.000,-\/8.000,-)<\/p>\n<p>Jegyek v\u00e1lthat\u00f3k a Bazilika f\u0151bej\u00e1rat\u00e1n\u00e1l a koncert napj\u00e1n 10 \u00f3r\u00e1t\u00f3l.<\/p>\n<hr \/>\n<p><strong>A hangversenyre 6 \u00e9ven aluli gyermeket nem \u00e1ll m\u00f3dunkban beengedni.<\/strong><\/p>\n<p>Jegyv\u00e1s\u00e1rl\u00e1s, illetve visszav\u00e1lt\u00e1s eset\u00e9n k\u00e9rj\u00fck, vegye fel vel\u00fcnk a kapcsolatot az al\u00e1bbi e-mail c\u00edmen:<\/p>\n<p><a href=\"mailto:musica.mundi.agency@gmail.com?subject=&amp;body=\">musica.mundi.agency@gmail.com<\/a><\/p>\n<p><span style=\"color: #9e070d;\">INTERTICKET \u2013 JEGY.HU<\/span> HELPDESK:<\/p>\n<p><strong>\u00dcGYF\u00c9LSZOLG\u00c1LAT: <\/strong>A<strong> JEGY.HU <\/strong>OLDALON<strong> CHAT<\/strong>-EN KERESZT\u00dcL<\/p>\n<p>Jegy\u00e9t e-mailen \u00e9s telefonon is meg tudja rendelni:<br \/>\n<a href=\"mailto:musica.mundi.agency@gmail.com?subject=&amp;body=\">musica.mundi.agency@gmail.com<\/a><br \/>\n+36 20\u00a0824 8564<br \/>\n+36 20\u00a0823 2095[\/vc_column_text][vc_row_inner][vc_column_inner][\/vc_column_inner][\/vc_row_inner][\/vc_column][\/vc_row]<\/p>\n<\/div>","protected":false},"excerpt":{"rendered":"<p>[vc_row][vc_column][vc_custom_heading text=&#8221;JEGYEK&#8221; font_container=&#8221;tag:h2|font_size:60|text_align:center|color:%239e070d&#8221; use_theme_fonts=&#8221;yes&#8221;][\/vc_column][\/vc_row][vc_row full_width=&#8221;stretch_row_content_no_spaces&#8221; css=&#8221;.vc_custom_1528053829469{background-color: #9e070d !important;}&#8221;][vc_column][vc_btn title=&#8221;JEGYV\u00c1S\u00c1RL\u00c1S ONLINE&#8221; style=&#8221;outline-custom&#8221; outline_custom_color=&#8221;#ffffff&#8221; outline_custom_hover_background=&#8221;&#8221; outline_custom_hover_text=&#8221;&#8221; shape=&#8221;square&#8221; size=&#8221;lg&#8221; align=&#8221;center&#8221; link=&#8221;url:http%3A%2F%2Forganconcert.jegy.hu%2Fticketsearch%3Flang%3Dhu||target:%20_blank|&#8221;][vc_empty_space height=&#8221;20&#8243;][\/vc_column][\/vc_row][vc_row][vc_column el_class=&#8221;content-div&#8221;][vc_column_text css=&#8221;&#8221;] P\u00c9NTEKI ORGONAKONCERTEK a Szent Istv\u00e1n Bazilik\u00e1ban: A hangversenyek bel\u00e9p\u0151d\u00edja: I. kat.: 10.000,- HUF II. kat.: 9.000,- HUF III. kat.: 7.500,- HUF (di\u00e1koknak, nyugd\u00edjasoknak: 9.500-\/8.500,-\/7.000,- HUF; Jegyek v\u00e1lthat\u00f3k: cs\u00fct\u00f6rt\u00f6k\u00f6n \u00e9s p\u00e9nteken a Bazilika f\u0151bej\u00e1rat\u00e1n\u00e1l 10 [&hellip;]<\/p>\n","protected":false},"author":1,"featured_media":0,"parent":0,"menu_order":0,"comment_status":"closed","ping_status":"closed","template":"","meta":{"footnotes":""},"class_list":["post-77","page","type-page","status-publish","hentry"],"_links":{"self":[{"href":"https:\/\/www.organconcert.hu\/hu\/wp-json\/wp\/v2\/pages\/77","targetHints":{"allow":["GET"]}}],"collection":[{"href":"https:\/\/www.organconcert.hu\/hu\/wp-json\/wp\/v2\/pages"}],"about":[{"href":"https:\/\/www.organconcert.hu\/hu\/wp-json\/wp\/v2\/types\/page"}],"author":[{"embeddable":true,"href":"https:\/\/www.organconcert.hu\/hu\/wp-json\/wp\/v2\/users\/1"}],"replies":[{"embeddable":true,"href":"https:\/\/www.organconcert.hu\/hu\/wp-json\/wp\/v2\/comments?post=77"}],"version-history":[{"count":69,"href":"https:\/\/www.organconcert.hu\/hu\/wp-json\/wp\/v2\/pages\/77\/revisions"}],"predecessor-version":[{"id":1329,"href":"https:\/\/www.organconcert.hu\/hu\/wp-json\/wp\/v2\/pages\/77\/revisions\/1329"}],"wp:attachment":[{"href":"https:\/\/www.organconcert.hu\/hu\/wp-json\/wp\/v2\/media?parent=77"}],"curies":[{"name":"wp","href":"https:\/\/api.w.org\/{rel}","templated":true}]}}