{"id":562,"date":"2018-11-21T18:44:07","date_gmt":"2018-11-21T16:44:07","guid":{"rendered":"https:\/\/www.organconcert.hu\/?page_id=562"},"modified":"2025-05-22T04:18:07","modified_gmt":"2025-05-22T02:18:07","slug":"cookie-hasznalatanak-szabalyzatarol-szolo-tajekoztatas","status":"publish","type":"page","link":"https:\/\/www.organconcert.hu\/hu\/cookie-hasznalatanak-szabalyzatarol-szolo-tajekoztatas\/","title":{"rendered":"COOKIE HASZN\u00c1LAT\u00c1NAK SZAB\u00c1LYZAT\u00c1R\u00d3L SZ\u00d3L\u00d3 T\u00c1J\u00c9KOZTAT\u00c1S"},"content":{"rendered":"<div class=\"wpb-content-wrapper\"><p>[vc_row][vc_column el_class=&#8221;content-div&#8221;][vc_column_text]COOKIE HASZN\u00c1LAT\u00c1NAK SZAB\u00c1LYZAT\u00c1R\u00d3L SZ\u00d3L\u00d3 T\u00c1J\u00c9KOZTAT\u00c1S<\/p>\n<p>A jelen Cookie-k Haszn\u00e1lat\u00e1nak Szab\u00e1lyzat\u00e1r\u00f3l sz\u00f3l\u00f3 T\u00e1j\u00e9koztat\u00e1s \u2013 a tov\u00e1bbiakban: T\u00e1j\u00e9koztat\u00e1s \u2013 c\u00e9lja, hogy a MUSICA MUNDI AGENCY NONPROFIT K\u00d6ZHASZN\u00da KFT. (Cg.: 01-09-283519, sz\u00e9khely: 1111 Budapest, Zenta utca 1. 2\/2., ad\u00f3sz\u00e1m: 25582817-2-43) \u2013 a tov\u00e1bbiakban: MUSICA MUNDI AGENCY NONPROFIT K\u00d6ZHASZN\u00da KFT. \u2013 \u00e1ltal \u00fczemeltetett www.organconcert.hu elnevez\u00e9s\u0171 weboldalt, \u00e9s a rajta kereszt\u00fcl el\u00e9rhet\u0151 szolg\u00e1ltat\u00e1sokat ig\u00e9nybe vev\u0151 szem\u00e9lyek \u2013 a tov\u00e1bbiakban: felhaszn\u00e1l\u00f3k \u2013 megfelel\u0151 t\u00e1j\u00e9koztat\u00e1st kapjanak a www.organconcert.hu \u00e1ltal kiadott cookie-k haszn\u00e1lat\u00e1nak felt\u00e9teleir\u0151l.<\/p>\n<p>A MUSICA MUNDI AGENCY NONPROFIT K\u00d6ZHASZN\u00da KFT. t\u00e1j\u00e9koztatja a www.organconcert.hu oldalfelhaszn\u00e1l\u00f3it arr\u00f3l, hogy a cookie a k\u00f6vetkez\u0151ket jelenti:<\/p>\n<ul>\n<li>A cookie, vagy h\u00e9tk\u00f6znapi, magyar elnevez\u00e9s\u0171 nev\u00e9n \u201es\u00fcti\u201d egy kiz\u00e1r\u00f3lag bet\u0171ket \u00e9s sz\u00e1mokat tartalmaz\u00f3, kism\u00e9ret\u0171 f\u00e1jl, amely a felhaszn\u00e1l\u00f3k b\u00e1rmilyen Internetes hozz\u00e1f\u00e9r\u00e9st biztos\u00edt\u00f3 eszk\u00f6z\u00e9n t\u00e1rolhat\u00f3 (pl. sz\u00e1m\u00edt\u00f3g\u00e9p, mobiltelefon stb.)<\/li>\n<li>A cookie t\u00e9nylegesen egy \u201einform\u00e1ci\u00f3csomag\u201d, amelyet a www.organconcert.hu oldal webszervere elk\u00fcld a felhaszn\u00e1l\u00f3knak, majd ezt k\u00f6vet\u0151en, www.organconcert.hu oldalt felhaszn\u00e1l\u00f3k b\u00f6ng\u00e9sz\u0151 programja visszak\u00fcldi mindezt a www.organconcert.hu webszervere r\u00e9sz\u00e9re, minden egyes, a webszervert \u00e9rint\u0151 haszn\u00e1lat alkalm\u00e1val.<\/li>\n<li>A cookie-k nem f\u00e9rnek hozz\u00e1 a www.organconcert.hu oldalt felhaszn\u00e1l\u00f3k merevlemez\u00e9nek adataihoz.<\/li>\n<li>A cookie-k v\u00edrusokat, k\u00e9mprogramokat \u00e9s futtathat\u00f3 \u00e1llom\u00e1nyokat nem tartalmaznak.<\/li>\n<li>A legt\u00f6bb cookie hat\u00e9kony m\u0171k\u00f6d\u00e9s\u00e9hez semmilyen szem\u00e9lyes adat nem sz\u00fcks\u00e9ges. Ennek ok\u00e1n, az esetek t\u00falnyom\u00f3 t\u00f6bbs\u00e9g\u00e9ben, a cookie nem azonos\u00edtja a felhaszn\u00e1l\u00f3kat. A cookie-k haszn\u00e1lata sor\u00e1n \u00f6sszegy\u0171jt\u00f6tt szem\u00e9lyes adatok pedig, kiz\u00e1r\u00f3lag olyan c\u00e9lb\u00f3l haszn\u00e1lhat\u00f3ak fel, hogy azok a felhaszn\u00e1l\u00f3k sz\u00e1m\u00e1ra bizonyos funkci\u00f3k haszn\u00e1lat\u00e1t megk\u00f6nny\u00edts\u00e9k. Ezek a szem\u00e9lyes adatok pedig olyan m\u00f3don t\u00e1rolt adatok, melyekhez jogosulatlan szem\u00e9lyek nem f\u00e9rhetnek hozz\u00e1.<\/li>\n<\/ul>\n<p>A MUSICA MUNDI AGENCY NONPROFIT K\u00d6ZHASZN\u00da KFT. t\u00e1j\u00e9koztatja a www.organconcert.hu oldalt felhaszn\u00e1l\u00f3kat arr\u00f3l, hogy a cookie a k\u00f6vetkez\u0151 funkci\u00f3kra haszn\u00e1lhat\u00f3:<\/p>\n<ul>\n<li>A cookie-k lehet\u0151v\u00e9 teszik valamennyi felhaszn\u00e1l\u00f3 Internetes hozz\u00e1f\u00e9r\u00e9st biztos\u00edt\u00f3 eszk\u00f6z\u00e9nek felismer\u00e9s\u00e9t \u00e9s ennek seg\u00edts\u00e9g\u00e9vel a felhaszn\u00e1l\u00f3k ig\u00e9nyeihez igaz\u00edtott tartalom megjelen\u00edt\u00e9s\u00e9t.<\/li>\n<li>A cookie-k valamennyi felhaszn\u00e1l\u00f3 sz\u00e1m\u00e1ra egyszer\u0171bb b\u00f6ng\u00e9sz\u00e9st biztos\u00edtanak \u00e9s el\u0151seg\u00edtik azt, hogy a MUSICA MUNDI AGENCY NONPROFIT K\u00d6ZHASZN\u00da KFT. valamennyi felhaszn\u00e1l\u00f3 sz\u00e1m\u00e1ra min\u00e9l k\u00e9nyelmesebb szolg\u00e1ltat\u00e1st ny\u00fajtson, \u00e9s min\u00e9l kedvez\u0151bb felhaszn\u00e1l\u00f3i \u00e9lm\u00e9nyt tegyen lehet\u0151v\u00e9.<\/li>\n<li>A cookie-k \u2013 kiz\u00e1r\u00f3lag a felhaszn\u00e1l\u00f3k anonimit\u00e1s\u00e1nak meg\u0151rz\u00e9se mellett \u2013 statisztik\u00e1k elk\u00e9sz\u00edt\u00e9s\u00e9hez is haszn\u00e1lhat\u00f3ak. A hivatkozott statisztik\u00e1k inform\u00e1ci\u00f3kat szolg\u00e1ltatnak a MUSICA MUNDI AGENCY NONPROFIT K\u00d6ZHASZN\u00da KFT. sz\u00e1m\u00e1ra a felhaszn\u00e1l\u00f3k oldalhaszn\u00e1lati szok\u00e1saival kapcsolatosan, ez\u00e1ltal lehet\u0151v\u00e9 teszik a MUSICA MUNDI AGENCY NONPROFIT K\u00d6ZHASZN\u00da KFT. sz\u00e1m\u00e1ra, hogy www.organconcert.hu oldal szerkezet\u00e9t \u00e9s tartalm\u00e1t folyamatosan a felhaszn\u00e1l\u00f3k ig\u00e9nyeihez igaz\u00edtsa, a felhaszn\u00e1l\u00f3k ig\u00e9nyeinek eleget t\u00e9ve m\u00f3dos\u00edtsa.<\/li>\n<li>Az el\u0151z\u0151ekben eml\u00edtetteken t\u00falmen\u0151en, a www.organconcert.hu oldal k\u00fcl\u00f6n\u00f6sen, de nem kiz\u00e1r\u00f3lagosan, a k\u00f6vetkez\u0151 c\u00e9lok megval\u00f3sul\u00e1sa \u00e9rdek\u00e9ben helyezhet el cookie-kat a felhaszn\u00e1l\u00f3k Internetes hozz\u00e1f\u00e9r\u00e9st biztos\u00edt\u00f3 eszk\u00f6zein: a felhaszn\u00e1l\u00f3k b\u00f6ng\u00e9sz\u00e9s\u00e9nek elemz\u00e9se, az adott weboldal teljes\u00edtm\u00e9nym\u00e9r\u00e9se, a felhaszn\u00e1l\u00f3k feliratkoz\u00e1si szok\u00e1sainak m\u00e9r\u00e9se, a felhaszn\u00e1l\u00f3k r\u00e9sz\u00e9re a megfelel\u0151 szolg\u00e1ltat\u00e1sok, inform\u00e1ci\u00f3k, programok aj\u00e1nl\u00e1sa stb.<\/li>\n<\/ul>\n<p>A MUSICA MUNDI AGENCY NONPROFIT K\u00d6ZHASZN\u00da KFT. t\u00e1j\u00e9koztatja a www.organconcert.hu oldalt felhaszn\u00e1l\u00f3kat arr\u00f3l, hogy a k\u00f6vetkez\u0151ekben felsorolt fajt\u00e1j\u00fa cookie-kat haszn\u00e1lja:<\/p>\n<ul>\n<li>Id\u0151szakos cookie: Az id\u0151szakos cookie-k olyan ideiglenes f\u00e1jlok, amelyek a felhaszn\u00e1l\u00f3 bejelentkez\u00e9si id\u0151szak\u00e1nak v\u00e9g\u00e9ig, vagy a felhaszn\u00e1l\u00f3 b\u00f6ng\u00e9sz\u0151 alkalmaz\u00e1s\u00e1nak bez\u00e1r\u00e1s\u00e1ig maradnak a felhaszn\u00e1l\u00f3 Internetes hozz\u00e1f\u00e9r\u00e9st biztos\u00edt\u00f3 eszk\u00f6z\u00e9n.<\/li>\n<li>\u00c1lland\u00f3 cookie: Az \u00e1lland\u00f3 cookie-k olyan ideiglenes f\u00e1jlok, amelyek a param\u00e9ter\u00fckben meghat\u00e1rozott ideig, vagy a manu\u00e1lis t\u00f6r\u00e9s\u00fckig vannak jelen a felhaszn\u00e1l\u00f3 Internetes hozz\u00e1f\u00e9r\u00e9st biztos\u00edt\u00f3 eszk\u00f6z\u00e9n.<\/li>\n<\/ul>\n<p>A MUSICA MUNDI AGENCY NONPROFIT K\u00d6ZHASZN\u00da KFT. t\u00e1j\u00e9koztatja a www.organconcert.hu oldalt felhaszn\u00e1l\u00f3kat arr\u00f3l, hogy a cookie-k a k\u00f6vetkez\u0151ekben felsorolt m\u00f3dokon t\u00f6r\u00f6lhet\u0151ek:<\/p>\n<ul>\n<li>A weboldalak el\u00e9r\u00e9s\u00e9hez haszn\u00e1lt b\u00f6ng\u00e9sz\u0151programok, alap\u00e9rtelmezett esetben enged\u00e9lyezik a cookie-k elhelyez\u00e9s\u00e9t az Internetes hozz\u00e1f\u00e9r\u00e9st biztos\u00edt\u00f3 eszk\u00f6zre. Ezek a be\u00e1ll\u00edt\u00e1sok azonban megv\u00e1ltoztathat\u00f3ak akk\u00e9nt, hogy a cookie-k automatikus kezel\u00e9s\u00e9t a b\u00f6ng\u00e9sz\u0151 blokkolja, vagy minden egyes esetben \u00e9rtes\u00edtse a felhaszn\u00e1l\u00f3t arr\u00f3l, hogy az Internetes hozz\u00e1f\u00e9r\u00e9st biztos\u00edt\u00f3 eszk\u00f6zre cookie ker\u00fclt kik\u00fcld\u00e9sre. A cookie-k kezel\u00e9s\u00e9re vonatkoz\u00f3 inform\u00e1ci\u00f3k a b\u00f6ng\u00e9sz\u0151 be\u00e1ll\u00edt\u00e1sai k\u00f6z\u00f6tt tal\u00e1lhat\u00f3ak.<\/li>\n<li>A MUSICA MUNDI AGENCY NONPROFIT K\u00d6ZHASZN\u00da KFT. felh\u00edvja a felhaszn\u00e1l\u00f3k figyelm\u00e9t arra, hogy a cookie-k haszn\u00e1lat\u00e1nak tilt\u00e1sa, vagy korl\u00e1toz\u00e1sa negat\u00edvan befoly\u00e1solhatja az adott weboldal bizonyos funkci\u00f3inak m\u0171k\u00f6d\u00e9s\u00e9t.<\/li>\n<\/ul>\n<p>Oldalon felugr\u00f3 sz\u00f6veg:<\/p>\n<p>Kedves L\u00e1togat\u00f3! T\u00e1j\u00e9koztatjuk, hogy a honlap felhaszn\u00e1l\u00f3i \u00e9lm\u00e9ny fokoz\u00e1s\u00e1nak \u00e9rdek\u00e9ben s\u00fctiket alkalmazunk. A honlapunk haszn\u00e1lat\u00e1val \u00d6n a t\u00e1j\u00e9koztat\u00e1sunkat tudom\u00e1sul veszi.[\/vc_column_text][\/vc_column][\/vc_row]<\/p>\n<\/div>","protected":false},"excerpt":{"rendered":"<p>[vc_row][vc_column el_class=&#8221;content-div&#8221;][vc_column_text]COOKIE HASZN\u00c1LAT\u00c1NAK SZAB\u00c1LYZAT\u00c1R\u00d3L SZ\u00d3L\u00d3 T\u00c1J\u00c9KOZTAT\u00c1S A jelen Cookie-k Haszn\u00e1lat\u00e1nak Szab\u00e1lyzat\u00e1r\u00f3l sz\u00f3l\u00f3 T\u00e1j\u00e9koztat\u00e1s \u2013 a tov\u00e1bbiakban: T\u00e1j\u00e9koztat\u00e1s \u2013 c\u00e9lja, hogy a MUSICA MUNDI AGENCY NONPROFIT K\u00d6ZHASZN\u00da KFT. (Cg.: 01-09-283519, sz\u00e9khely: 1111 Budapest, Zenta utca 1. 2\/2., ad\u00f3sz\u00e1m: 25582817-2-43) \u2013 a tov\u00e1bbiakban: MUSICA MUNDI AGENCY NONPROFIT K\u00d6ZHASZN\u00da KFT. \u2013 \u00e1ltal \u00fczemeltetett www.organconcert.hu elnevez\u00e9s\u0171 weboldalt, \u00e9s a [&hellip;]<\/p>\n","protected":false},"author":1,"featured_media":0,"parent":0,"menu_order":0,"comment_status":"closed","ping_status":"closed","template":"","meta":{"footnotes":""},"class_list":["post-562","page","type-page","status-publish","hentry"],"_links":{"self":[{"href":"https:\/\/www.organconcert.hu\/hu\/wp-json\/wp\/v2\/pages\/562","targetHints":{"allow":["GET"]}}],"collection":[{"href":"https:\/\/www.organconcert.hu\/hu\/wp-json\/wp\/v2\/pages"}],"about":[{"href":"https:\/\/www.organconcert.hu\/hu\/wp-json\/wp\/v2\/types\/page"}],"author":[{"embeddable":true,"href":"https:\/\/www.organconcert.hu\/hu\/wp-json\/wp\/v2\/users\/1"}],"replies":[{"embeddable":true,"href":"https:\/\/www.organconcert.hu\/hu\/wp-json\/wp\/v2\/comments?post=562"}],"version-history":[{"count":5,"href":"https:\/\/www.organconcert.hu\/hu\/wp-json\/wp\/v2\/pages\/562\/revisions"}],"predecessor-version":[{"id":567,"href":"https:\/\/www.organconcert.hu\/hu\/wp-json\/wp\/v2\/pages\/562\/revisions\/567"}],"wp:attachment":[{"href":"https:\/\/www.organconcert.hu\/hu\/wp-json\/wp\/v2\/media?parent=562"}],"curies":[{"name":"wp","href":"https:\/\/api.w.org\/{rel}","templated":true}]}}