{"id":333,"date":"2018-07-29T17:47:30","date_gmt":"2018-07-29T17:47:30","guid":{"rendered":"https:\/\/www.organconcert.hu\/?page_id=333"},"modified":"2025-05-22T04:18:07","modified_gmt":"2025-05-22T02:18:07","slug":"szent-istvan-bazilika","status":"publish","type":"page","link":"https:\/\/www.organconcert.hu\/hu\/helyszinek\/szent-istvan-bazilika\/","title":{"rendered":"SZENT ISTV\u00c1N BAZILIKA"},"content":{"rendered":"<div class=\"wpb-content-wrapper\"><p>[vc_row][vc_column][vc_custom_heading text=&#8221;HELYSZ\u00cdNEK&#8221; font_container=&#8221;tag:h2|font_size:60|text_align:center|color:%239e070d&#8221; use_theme_fonts=&#8221;yes&#8221;][\/vc_column][\/vc_row][vc_row css=&#8221;.vc_custom_1532887450226{margin-bottom: 20px !important;}&#8221;][vc_column width=&#8221;1\/3&#8243;][vc_single_image image=&#8221;93&#8243; img_size=&#8221;400&#215;400&#8243; alignment=&#8221;center&#8221;][\/vc_column][vc_column width=&#8221;2\/3&#8243; css=&#8221;.vc_custom_1532886704969{border-left-width: 1px !important;padding-top: 0px !important;border-left-color: #39373a !important;border-left-style: solid !important;}&#8221;][vc_custom_heading text=&#8221;SZENT ISTV\u00c1N BAZILIKA&#8221; font_container=&#8221;tag:h3|font_size:26|text_align:left|color:%2339373a&#8221; use_theme_fonts=&#8221;yes&#8221;][vc_column_text css=&#8221;.vc_custom_1532886734966{margin-bottom: 0px !important;}&#8221;]<\/p>\n<p style=\"text-align: justify;\">A budapesti Szent Istv\u00e1n Bazilika haz\u00e1nk egyik legszebb, legjelent\u0151sebb egyh\u00e1zi \u00e9s idegenforgalmi nevezetess\u00e9ge.<\/p>\n<p style=\"text-align: justify;\">A templom \u00e9p\u00edt\u00e9se \u00e9rdek\u00e9ben az 1810-es \u00e9vekben gy\u0171jt\u00e9s indult, a hosszan tart\u00f3 \u00e9s kalandos munk\u00e1latokat azonban csak 1851. augusztus 14-\u00e9n kezdt\u00e9k el \u00e9s 1905-re fejezt\u00e9k be.<\/p>\n<p style=\"text-align: justify;\">Hild J\u00f3zsef pesti v\u00e1laszt\u00f3polg\u00e1r \u00e9s \u00e9p\u00edt\u00e9sz az esztergomi \u00e9s egri sz\u00e9kesegyh\u00e1z alkot\u00f3j\u00e1nak tervei szerint. A munk\u00e1t hal\u00e1l\u00e1ig, 1867. m\u00e1rcius 6-ig vezette. Pest v\u00e1ros tan\u00e1csa a fontos \u00e9p\u00fclet tov\u00e1bbi \u00e9p\u00edt\u00e9sz-tervez\u0151 m\u0171vezet\u00e9s\u00e9t a kor elismert mester\u00e9re, sz\u00e1mos f\u0151v\u00e1rosi k\u00f6z\u00e9p\u00fclet, k\u00f6zt\u00fck az Operah\u00e1z alkot\u00f3j\u00e1ra, Ybl Mikl\u00f3sra b\u00edzta, aki a befejez\u00e9sig folytatta, de hal\u00e1la miatt az \u00e9p\u00fcletbels\u0151 \u00e9s a k\u00e9pz\u0151m\u0171v\u00e9szeti d\u00edsz\u00edt\u0151 munk\u00e1latok m\u00e1r Kauser J\u00f3zsef ir\u00e1ny\u00edt\u00e1s\u00e1val k\u00e9sz\u00fcltek el.<\/p>\n<p style=\"text-align: justify;\">Nevezetes volt a Bazilika t\u00f6rt\u00e9net\u00e9ben az 1868. janu\u00e1r 22-i d\u00e1tum, amikor a Hild tervei szerint m\u00e1r felfalazott kupola \u00e9s kupoladob beomlott, kivitelez\u00e9si- \u00e9s anyaghib\u00e1k miatt. Ez k\u00e9t okra vezethet\u0151 vissza. R\u00e9szben a kupol\u00e1t tart\u00f3 pill\u00e9rekhez aj\u00e1nd\u00e9kba kapott, igen vegyes min\u0151s\u00e9g\u0171 \u00e9s szil\u00e1rds\u00e1g\u00fa k\u0151anyagot haszn\u00e1ltak. R\u00e9szben pedig a kupoladob az azt tart\u00f3 bolt\u00edvek bels\u0151 perem\u00e9re \u00e9p\u00fclt, ami miatt a pill\u00e9rek \u00e9s az \u00f6sszek\u00f6t\u0151 hevederek, valamint a csegelyek (g\u00f6mbh\u00e1romsz\u00f6g alak\u00fa boltozati elem, amely n\u00e9gy- vagy soksz\u00f6g alaprajz\u00fa t\u00e9r f\u00f6l\u00e9 \u00e9p\u00edtett kupola k\u00f6r vagy ellipszis alaprajz\u00e1b\u00f3l szerkezetileg \u00e1tvezet a soksz\u00f6gbe, ez hordja a kupola s\u00faly\u00e1t) terhel\u00e9se f\u00e9loldalas lett, \u00e9s a szerkezet egyens\u00faly\u00e1nak hi\u00e1nya okozta a beoml\u00e1st.<\/p>\n<p style=\"text-align: justify;\">Az \u00e9p\u00edtkez\u00e9s ezut\u00e1n t\u00f6bb mint egy \u00e9vig sz\u00fcnetelt, majd a t\u00f6rmel\u00e9k kihord\u00e1sa, a rosszul meg\u00e9p\u00edtett r\u00e9szek bont\u00e1sa eg\u00e9szen 1871-ig tartott.<\/p>\n<p style=\"text-align: justify;\">Az \u00e9p\u00edtkez\u00e9s folytat\u00e1s\u00e1ra Ybl Mikl\u00f3s \u00faj terveket k\u00e9sz\u00edtett, illetve a r\u00e9gieket \u00e1tdolgozta nemcsak a szerkezetet, hanem a megjelen\u00e9st is. Hild J\u00f3zsef hellenisztikus formavil\u00e1g\u00e1t, klasszicista st\u00edlus\u00e1t Ybl neorenesz\u00e1nsza v\u00e1ltotta fel 1875-t\u0151l, \u00e9s 1891-ben bek\u00f6vetkezett hal\u00e1la ut\u00e1n is az \u0151 v\u00e1zlatai, elk\u00e9pzel\u00e9se szerint folytak a munk\u00e1latok az 1905-\u00f6s felszentel\u00e9sig.<\/p>\n<p style=\"text-align: justify;\">A <b>Bazilika orgon\u00e1ja<\/b> a templommal egy\u00fctt 1905-ben k\u00e9sz\u00fclt el. \u00c9p\u00edt\u0151je Angster J\u00f3zsef, a h\u00edres P\u00e1rizsi Auguste Cavaill\u00e9-Coll tan\u00edtv\u00e1nya volt, ez\u00e9rt az orgona hangk\u00e9pe \u00e9s m\u00e9retez\u00e9se francia elveket k\u00f6vet. Az orgonah\u00e1zat Th\u00e9k Endre m\u0171b\u00fatorgy\u00e1ra k\u00e9sz\u00edtette. A hangszert t\u00f6bbsz\u00f6r b\u0151v\u00edtett\u00e9k, utols\u00f3 restaur\u00e1l\u00e1sa 1982-ben volt. Az orgona \u00faj, modern n\u00e9gy manu\u00e1los j\u00e1t\u00e9kasztalt \u00e9s \u00faj homlokzatot kapott, valamint 13 regiszterrel b\u0151v\u00fclt, \u00edgy most 93 regisztere van. A s\u00edpok sz\u00e1ma 6507, a leghosszabb 10 m\u00e9ter, a legr\u00f6videbb 6 millim\u00e9ter. Karakteres hangsz\u00edneivel \u00e9s telt, m\u00e9gis puha hangz\u00e1s\u00e1val ma Budapest legnagyobb \u00e9s legszebb hangszere.<\/p>\n<p>[\/vc_column_text][\/vc_column][\/vc_row][vc_row css=&#8221;.vc_custom_1532887798169{margin-top: 30px !important;border-top-width: 1px !important;padding-top: 0px !important;border-top-color: #39373a !important;border-top-style: solid !important;}&#8221;][vc_column width=&#8221;1\/3&#8243;][vc_custom_heading text=&#8221;SZENT ISTV\u00c1N BAZILIKA&#8221; font_container=&#8221;tag:h3|font_size:26|text_align:left|color:%2339373a&#8221; use_theme_fonts=&#8221;yes&#8221;][vc_column_text]Budapest, 1051 Szent Istv\u00e1n t\u00e9r 1.[\/vc_column_text][\/vc_column][vc_column width=&#8221;2\/3&#8243;][vc_gmaps link=&#8221;#E-8_JTNDaWZyYW1lJTIwc3JjJTNEJTIyaHR0cHMlM0ElMkYlMkZ3d3cuZ29vZ2xlLmNvbSUyRm1hcHMlMkZlbWJlZCUzRnBiJTNEJTIxMW0xOCUyMTFtMTIlMjExbTMlMjExZDI2OTUuNDM0NTU4MTQ2NDcwNCUyMTJkMTkuMDUwODM2MTE2MjQ3MTIlMjEzZDQ3LjUwMDkyNzcwMzI2Mzg2JTIxMm0zJTIxMWYwJTIxMmYwJTIxM2YwJTIxM20yJTIxMWkxMDI0JTIxMmk3NjglMjE0ZjEzLjElMjEzbTMlMjExbTIlMjExczB4NDc0MWRjNmFkYjE1Y2UxYiUyNTNBMHhiMTJiM2MzYWY4NTIzYjI2JTIxMnNCdWRhcGVzdCUyNTJDJTJCU3plbnQlMkJJc3R2JTI1QzMlMjVBMW4lMkJ0JTI1QzMlMjVBOXIlMkIxJTI1MkMlMkIxMDUxJTIxNWUwJTIxM20yJTIxMXNodSUyMTJzaHUlMjE0djE1MzI4ODcyNDkxOTMlMjIlMjB3aWR0aCUzRCUyMjYwMCUyMiUyMGhlaWdodCUzRCUyMjQ1MCUyMiUyMGZyYW1lYm9yZGVyJTNEJTIyMCUyMiUyMHN0eWxlJTNEJTIyYm9yZGVyJTNBMCUyMiUyMGFsbG93ZnVsbHNjcmVlbiUzRSUzQyUyRmlmcmFtZSUzRQ==&#8221;][\/vc_column][\/vc_row]<\/p>\n<\/div>","protected":false},"excerpt":{"rendered":"<p>[vc_row][vc_column][vc_custom_heading text=&#8221;HELYSZ\u00cdNEK&#8221; font_container=&#8221;tag:h2|font_size:60|text_align:center|color:%239e070d&#8221; use_theme_fonts=&#8221;yes&#8221;][\/vc_column][\/vc_row][vc_row css=&#8221;.vc_custom_1532887450226{margin-bottom: 20px !important;}&#8221;][vc_column width=&#8221;1\/3&#8243;][vc_single_image image=&#8221;93&#8243; img_size=&#8221;400&#215;400&#8243; alignment=&#8221;center&#8221;][\/vc_column][vc_column width=&#8221;2\/3&#8243; css=&#8221;.vc_custom_1532886704969{border-left-width: 1px !important;padding-top: 0px !important;border-left-color: #39373a !important;border-left-style: solid !important;}&#8221;][vc_custom_heading text=&#8221;SZENT ISTV\u00c1N BAZILIKA&#8221; font_container=&#8221;tag:h3|font_size:26|text_align:left|color:%2339373a&#8221; use_theme_fonts=&#8221;yes&#8221;][vc_column_text css=&#8221;.vc_custom_1532886734966{margin-bottom: 0px !important;}&#8221;] A budapesti Szent Istv\u00e1n Bazilika haz\u00e1nk egyik legszebb, legjelent\u0151sebb egyh\u00e1zi \u00e9s idegenforgalmi nevezetess\u00e9ge. A templom \u00e9p\u00edt\u00e9se \u00e9rdek\u00e9ben az 1810-es \u00e9vekben gy\u0171jt\u00e9s indult, a hosszan tart\u00f3 \u00e9s [&hellip;]<\/p>\n","protected":false},"author":1,"featured_media":0,"parent":92,"menu_order":0,"comment_status":"closed","ping_status":"closed","template":"","meta":{"footnotes":""},"class_list":["post-333","page","type-page","status-publish","hentry"],"_links":{"self":[{"href":"https:\/\/www.organconcert.hu\/hu\/wp-json\/wp\/v2\/pages\/333","targetHints":{"allow":["GET"]}}],"collection":[{"href":"https:\/\/www.organconcert.hu\/hu\/wp-json\/wp\/v2\/pages"}],"about":[{"href":"https:\/\/www.organconcert.hu\/hu\/wp-json\/wp\/v2\/types\/page"}],"author":[{"embeddable":true,"href":"https:\/\/www.organconcert.hu\/hu\/wp-json\/wp\/v2\/users\/1"}],"replies":[{"embeddable":true,"href":"https:\/\/www.organconcert.hu\/hu\/wp-json\/wp\/v2\/comments?post=333"}],"version-history":[{"count":16,"href":"https:\/\/www.organconcert.hu\/hu\/wp-json\/wp\/v2\/pages\/333\/revisions"}],"predecessor-version":[{"id":546,"href":"https:\/\/www.organconcert.hu\/hu\/wp-json\/wp\/v2\/pages\/333\/revisions\/546"}],"up":[{"embeddable":true,"href":"https:\/\/www.organconcert.hu\/hu\/wp-json\/wp\/v2\/pages\/92"}],"wp:attachment":[{"href":"https:\/\/www.organconcert.hu\/hu\/wp-json\/wp\/v2\/media?parent=333"}],"curies":[{"name":"wp","href":"https:\/\/api.w.org\/{rel}","templated":true}]}}