{"id":158,"date":"2018-06-04T13:40:37","date_gmt":"2018-06-04T13:40:37","guid":{"rendered":"https:\/\/www.organconcert.hu\/?page_id=158"},"modified":"2025-05-22T04:18:07","modified_gmt":"2025-05-22T02:18:07","slug":"hazirend","status":"publish","type":"page","link":"https:\/\/www.organconcert.hu\/hu\/hazirend\/","title":{"rendered":"H\u00e1zirend"},"content":{"rendered":"<div class=\"wpb-content-wrapper\"><p>[vc_row][vc_column][vc_custom_heading text=&#8221;H\u00c1ZIREND&#8221; font_container=&#8221;tag:h2|font_size:60|text_align:center|color:%239e070d&#8221; use_theme_fonts=&#8221;yes&#8221;][\/vc_column][\/vc_row]<\/p>\n<p>[vc_row][vc_column el_class=&#8221;content-div&#8221;][vc_column_text]El\u0151ad\u00e1sainkat, rendezv\u00e9nyeinket \u00e9rv\u00e9nyes bel\u00e9p\u0151jeggyel lehet l\u00e1togatni.<\/p>\n<p>A rendezv\u00e9nyeket mindenki saj\u00e1t felel\u0151ss\u00e9g\u00e9re l\u00e1togathatja.<\/p>\n<p>A Cathedral Organ Concerts rendezv\u00e9nyeire fenntartja az id\u0151pont, a m\u0171sor-\u00e9s szerepl\u0151v\u00e1ltoztat\u00e1s, valamint a lemond\u00e1s jog\u00e1t.<\/p>\n<p>Jegyet nem \u00e1ll m\u00f3dunkban sem visszav\u00e1ltani, sem m\u00e1s jegyre cser\u00e9lni, ak\u00e1r szem\u00e9lyesen, ak\u00e1r online t\u00f6rt\u00e9nt a v\u00e1s\u00e1rl\u00e1s. Jegyet kiz\u00e1r\u00f3lag elmaradt rendezv\u00e9ny eset\u00e9n v\u00e1ltunk vissza.<\/p>\n<p>Az elveszett, megsemmis\u00fclt vagy megrong\u00e1l\u00f3dott bel\u00e9p\u0151jegyek p\u00f3tl\u00e1s\u00e1ra nincs lehet\u0151s\u00e9g.<\/p>\n<p>A hangversenyre 6 \u00e9ven aluli gyermeket nem \u00e1ll m\u00f3dunkban beengedni.<\/p>\n<p>Amennyiben a koncerten r\u00e9szt vev\u0151 gyermek viselked\u00e9s\u00e9vel vagy hangoskod\u00e1ssal zavarja a koncertek vend\u00e9geit, koll\u00e9g\u00e1ink felsz\u00f3l\u00edthatj\u00e1k \u0151t \u00e9s k\u00eds\u00e9r\u0151j\u00e9t a terem elhagy\u00e1s\u00e1ra.<\/p>\n<p>A szem\u00e9lyzet t\u00e1voz\u00e1sra sz\u00f3l\u00edthatja fel azt a n\u00e9z\u0151t, aki besz\u00e9lget\u00e9ssel vagy hangos viselked\u00e9ssel az el\u0151ad\u00e1st vagy annak \u00e9lvezet\u00e9t zavarja. A rendezv\u00e9nyek alatt a mobiltelefon \u00e9s m\u00e1s, a rendezv\u00e9nyt zavar\u00f3 eszk\u00f6z haszn\u00e1lata nem megengedett.<\/p>\n<p>A szem\u00e9lyzet kifejezett k\u00e9r\u00e9s\u00e9re a biztons\u00e1gi szolg\u00e1lat munkat\u00e1rsai felsz\u00f3l\u00edt\u00e1s ut\u00e1n kivezetik a rendezv\u00e9nyt zavar\u00f3 szem\u00e9lyt (szem\u00e9lyeket), sz\u00fcks\u00e9g eset\u00e9n rend\u0151ri int\u00e9zked\u00e9st kezdem\u00e9nyeznek.<\/p>\n<p>A hangversenyeken, el\u0151ad\u00e1sokon, rendezv\u00e9nyeken b\u00e1rmilyen eszk\u00f6zzel t\u00f6rt\u00e9n\u0151 k\u00e9p- vagy hangr\u00f6gz\u00edt\u00e9s tilos.<\/p>\n<p>A h\u00e1zirend betart\u00e1sa k\u00f6z\u00f6s \u00e9rdek\u00fcnk, ehhez k\u00e9rj\u00fck tisztelt vend\u00e9geink seg\u00edts\u00e9g\u00e9t. Kedves vend\u00e9geink egy\u00fcttm\u0171k\u00f6d\u00e9s\u00fcket el\u0151re is k\u00f6sz\u00f6nj\u00fck, \u00e9s egyben \u00f6r\u00f6mmel v\u00e1rjuk \u00d6n\u00f6ket rendezv\u00e9nyeinkre![\/vc_column_text][\/vc_column][\/vc_row]<\/p>\n<\/div>","protected":false},"excerpt":{"rendered":"<p>[vc_row][vc_column][vc_custom_heading text=&#8221;H\u00c1ZIREND&#8221; font_container=&#8221;tag:h2|font_size:60|text_align:center|color:%239e070d&#8221; use_theme_fonts=&#8221;yes&#8221;][\/vc_column][\/vc_row] [vc_row][vc_column el_class=&#8221;content-div&#8221;][vc_column_text]El\u0151ad\u00e1sainkat, rendezv\u00e9nyeinket \u00e9rv\u00e9nyes bel\u00e9p\u0151jeggyel lehet l\u00e1togatni. A rendezv\u00e9nyeket mindenki saj\u00e1t felel\u0151ss\u00e9g\u00e9re l\u00e1togathatja. A Cathedral Organ Concerts rendezv\u00e9nyeire fenntartja az id\u0151pont, a m\u0171sor-\u00e9s szerepl\u0151v\u00e1ltoztat\u00e1s, valamint a lemond\u00e1s jog\u00e1t. Jegyet nem \u00e1ll m\u00f3dunkban sem visszav\u00e1ltani, sem m\u00e1s jegyre cser\u00e9lni, ak\u00e1r szem\u00e9lyesen, ak\u00e1r online t\u00f6rt\u00e9nt a v\u00e1s\u00e1rl\u00e1s. Jegyet kiz\u00e1r\u00f3lag elmaradt rendezv\u00e9ny eset\u00e9n v\u00e1ltunk [&hellip;]<\/p>\n","protected":false},"author":1,"featured_media":0,"parent":0,"menu_order":0,"comment_status":"closed","ping_status":"closed","template":"","meta":{"footnotes":""},"class_list":["post-158","page","type-page","status-publish","hentry"],"_links":{"self":[{"href":"https:\/\/www.organconcert.hu\/hu\/wp-json\/wp\/v2\/pages\/158","targetHints":{"allow":["GET"]}}],"collection":[{"href":"https:\/\/www.organconcert.hu\/hu\/wp-json\/wp\/v2\/pages"}],"about":[{"href":"https:\/\/www.organconcert.hu\/hu\/wp-json\/wp\/v2\/types\/page"}],"author":[{"embeddable":true,"href":"https:\/\/www.organconcert.hu\/hu\/wp-json\/wp\/v2\/users\/1"}],"replies":[{"embeddable":true,"href":"https:\/\/www.organconcert.hu\/hu\/wp-json\/wp\/v2\/comments?post=158"}],"version-history":[{"count":6,"href":"https:\/\/www.organconcert.hu\/hu\/wp-json\/wp\/v2\/pages\/158\/revisions"}],"predecessor-version":[{"id":549,"href":"https:\/\/www.organconcert.hu\/hu\/wp-json\/wp\/v2\/pages\/158\/revisions\/549"}],"wp:attachment":[{"href":"https:\/\/www.organconcert.hu\/hu\/wp-json\/wp\/v2\/media?parent=158"}],"curies":[{"name":"wp","href":"https:\/\/api.w.org\/{rel}","templated":true}]}}