{"id":105,"date":"2018-06-04T07:58:41","date_gmt":"2018-06-04T07:58:41","guid":{"rendered":"https:\/\/www.organconcert.hu\/?page_id=105"},"modified":"2025-05-22T04:18:07","modified_gmt":"2025-05-22T02:18:07","slug":"rolunk-muveszek","status":"publish","type":"page","link":"https:\/\/www.organconcert.hu\/hu\/rolunk-muveszek\/","title":{"rendered":"R\u00f3lunk &#038; m\u0171v\u00e9szek"},"content":{"rendered":"<div class=\"wpb-content-wrapper\"><p>[vc_row][vc_column][vc_custom_heading text=&#8221;R\u00d3LUNK &amp; M\u0170V\u00c9SZEK&#8221; font_container=&#8221;tag:h2|font_size:60|text_align:center|color:%239e070d&#8221; use_theme_fonts=&#8221;yes&#8221;][\/vc_column][\/vc_row][vc_row][vc_column][vc_column_text]A <b><i>Musica Mundi Agency Kft.<\/i><\/b> 1993-ban alakult Budapesten, meghat\u00e1roz\u00f3 tev\u00e9kenys\u00e9ge a komolyzenei koncertrendez\u00e9s \u00e9s CD-kiad\u00e1s. Az elm\u00falt 25 \u00e9vben t\u00f6bb, mint 3000 koncertet szervezett, komolyzenei kiadv\u00e1nyai k\u00f6z\u00f6tt fontos \u00e9s egyedi felv\u00e9telek tal\u00e1lhat\u00f3k, pl. Liszt Ferenc, Cesar Franck \u00e9s Kod\u00e1ly Zolt\u00e1n \u00f6sszes orgonam\u0171veinek CD-felv\u00e9tele.<\/p>\n<p>A Szent Istv\u00e1n Bazilik\u00e1ban 2010 \u00f3ta szervez \u00e1lland\u00f3 hangverseny-sorozatokat h\u00e9tf\u0151n \u00e9s p\u00e9nteken, ahol olyan nagyszab\u00e1s\u00fa m\u0171vek is el\u0151ad\u00e1sra ker\u00fclnek, mint MOZART REQUIEM, VERDI REQUIEM, H\u00c4NDEL MESSI\u00c1S.<\/p>\n<p>Szombati napokon a belv\u00e1rosi Szent Mih\u00e1ly templomban hallhat\u00f3k a CHOIR &amp; ORGAN koncertek, a professzion\u00e1lis ETUNAM Kamarak\u00f3rus el\u0151ad\u00e1s\u00e1ban.[\/vc_column_text][\/vc_column][\/vc_row][vc_row][vc_column][vc_custom_heading text=&#8221;M\u0170V\u00c9SZEK&#8221; font_container=&#8221;tag:h2|font_size:60|text_align:center|color:%239e070d&#8221; use_theme_fonts=&#8221;yes&#8221;][vc_basic_grid post_type=&#8221;muveszek&#8221; max_items=&#8221;10&#8243; style=&#8221;pagination&#8221; items_per_page=&#8221;3&#8243; gap=&#8221;35&#8243; arrows_design=&#8221;vc_arrow-icon-arrow_01_left&#8221; arrows_position=&#8221;outside&#8221; arrows_color=&#8221;black&#8221; paging_design=&#8221;none&#8221; loop=&#8221;yes&#8221; item=&#8221;405&#8243; grid_id=&#8221;vc_gid:1542823285793-da2f5755-c441-5&#8243;][\/vc_column][\/vc_row]<\/p>\n<\/div>","protected":false},"excerpt":{"rendered":"<p>[vc_row][vc_column][vc_custom_heading text=&#8221;R\u00d3LUNK &amp; M\u0170V\u00c9SZEK&#8221; font_container=&#8221;tag:h2|font_size:60|text_align:center|color:%239e070d&#8221; use_theme_fonts=&#8221;yes&#8221;][\/vc_column][\/vc_row][vc_row][vc_column][vc_column_text]A Musica Mundi Agency Kft. 1993-ban alakult Budapesten, meghat\u00e1roz\u00f3 tev\u00e9kenys\u00e9ge a komolyzenei koncertrendez\u00e9s \u00e9s CD-kiad\u00e1s. Az elm\u00falt 25 \u00e9vben t\u00f6bb, mint 3000 koncertet szervezett, komolyzenei kiadv\u00e1nyai k\u00f6z\u00f6tt fontos \u00e9s egyedi felv\u00e9telek tal\u00e1lhat\u00f3k, pl. Liszt Ferenc, Cesar Franck \u00e9s Kod\u00e1ly Zolt\u00e1n \u00f6sszes orgonam\u0171veinek CD-felv\u00e9tele. A Szent Istv\u00e1n Bazilik\u00e1ban 2010 \u00f3ta szervez [&hellip;]<\/p>\n","protected":false},"author":1,"featured_media":0,"parent":0,"menu_order":0,"comment_status":"closed","ping_status":"closed","template":"","meta":{"footnotes":""},"class_list":["post-105","page","type-page","status-publish","hentry"],"_links":{"self":[{"href":"https:\/\/www.organconcert.hu\/hu\/wp-json\/wp\/v2\/pages\/105","targetHints":{"allow":["GET"]}}],"collection":[{"href":"https:\/\/www.organconcert.hu\/hu\/wp-json\/wp\/v2\/pages"}],"about":[{"href":"https:\/\/www.organconcert.hu\/hu\/wp-json\/wp\/v2\/types\/page"}],"author":[{"embeddable":true,"href":"https:\/\/www.organconcert.hu\/hu\/wp-json\/wp\/v2\/users\/1"}],"replies":[{"embeddable":true,"href":"https:\/\/www.organconcert.hu\/hu\/wp-json\/wp\/v2\/comments?post=105"}],"version-history":[{"count":27,"href":"https:\/\/www.organconcert.hu\/hu\/wp-json\/wp\/v2\/pages\/105\/revisions"}],"predecessor-version":[{"id":578,"href":"https:\/\/www.organconcert.hu\/hu\/wp-json\/wp\/v2\/pages\/105\/revisions\/578"}],"wp:attachment":[{"href":"https:\/\/www.organconcert.hu\/hu\/wp-json\/wp\/v2\/media?parent=105"}],"curies":[{"name":"wp","href":"https:\/\/api.w.org\/{rel}","templated":true}]}}